{"id":115,"date":"2024-06-19T17:01:39","date_gmt":"2024-06-19T15:01:39","guid":{"rendered":"https:\/\/lachainesudalpes.org\/?page_id=115"},"modified":"2025-08-19T16:36:36","modified_gmt":"2025-08-19T14:36:36","slug":"accompagnement","status":"publish","type":"page","link":"https:\/\/lachainesudalpes.org\/?page_id=115","title":{"rendered":"La Chaine Sud&rsquo;Alpes en actions"},"content":{"rendered":"\n<div class=\"wp-block-buttons is-layout-flex wp-block-buttons-is-layout-flex\">\n<div class=\"wp-block-button\" id=\"reparer\"><a class=\"wp-block-button__link has-background wp-element-button\" style=\"background-color:#008c36\"><strong>R\u00e9parer, Acheter, Donner un v\u00e9lo<\/strong><\/a><\/div>\n<\/div>\n\n\n\n<p><\/p>\n\n\n\n<h5 class=\"wp-block-heading\"><strong>Donner<\/strong><\/h5>\n\n\n\n<p>Bicyclettes trop petites, ou oubli\u00e9es sous la poussi\u00e8re ? Apportez-les aux ateliers v\u00e9los et aux Ressourceries du r\u00e9seau ! Ils seront diagnostiqu\u00e9s, r\u00e9par\u00e9s et remis en circulation, ou \u00e9ventuellement d\u00e9mont\u00e9s pour fournir des pi\u00e8ces<\/p>\n\n\n\n<h5 class=\"wp-block-heading\"><strong>R\u00e9parer <\/strong><\/h5>\n\n\n\n<p>Vous avez besoin de r\u00e9parer et entretenir votre monture ? Les ateliers v\u00e9lo participatifs et solidaires du r\u00e9seau vous accueillent pour vous accompagner dans vos r\u00e9parations, mettre \u00e0 disposition des outils et des pi\u00e8ces d&rsquo;occasion, vous permettre d&rsquo;apprendre, entretenir, r\u00e9parer, adapter votre v\u00e9hicule \u00e0 p\u00e9dale. <\/p>\n\n\n\n<h5 class=\"wp-block-heading\"><strong>Acheter<\/strong><\/h5>\n\n\n\n<p>Vous avez besoin d&rsquo;un v\u00e9lo, au quotidien, pour un voyage, pour rouler sur la route ou dans les chemins ? Passez dans l&rsquo;une de nos structures : nous revendons des v\u00e9los d&rsquo;occasion, r\u00e9par\u00e9s par des \u00e9quipes salari\u00e9es et b\u00e9n\u00e9voles, \u00e0 prix abordables, et sans produire de nouveaux objets. <\/p>\n\n\n\n<p class=\"has-text-align-center\"><em><mark style=\"background-color:rgba(0, 0, 0, 0);color:#219001\" class=\"has-inline-color\">En nous choisissant, vous donnez ou achetez \u00e0 des associations sans but lucratif. Leur objectif est de favoriser un r\u00e9emploi local, solidaire, favorisant l\u2019insertion, la coop\u00e9ration, la sobri\u00e9t\u00e9, la co-r\u00e9paration des v\u00e9los, l\u2019acc\u00e8s \u00e0 tous et toutes \u00e0 la pratique du v\u00e9lo. Elles ne versent pas de dividendes, et leurs b\u00e9n\u00e9fices sont r\u00e9investis dans le projet.<\/mark><\/em><\/p>\n\n\n\n<hr class=\"wp-block-separator has-alpha-channel-opacity\"\/>\n\n\n\n<p><\/p>\n\n\n\n<div class=\"wp-block-buttons is-layout-flex wp-block-buttons-is-layout-flex\">\n<div class=\"wp-block-button\" id=\"formation\"><a class=\"wp-block-button__link has-background wp-element-button\" style=\"background-color:#e5690a\"><strong>Former, se former \u00e0 la m\u00e9canique cycle et au r\u00e9emploi<\/strong><\/a><\/div>\n<\/div>\n\n\n\n<p><\/p>\n\n\n\n<p>Vous souhaiter former vos b\u00e9n\u00e9voles ou salari\u00e9.es \u00e0 la <strong>r\u00e9paration v\u00e9lo et au r\u00e9emploi<\/strong>, pour \u00eatre en mesure de diagnostiquer, r\u00e9parer, s\u00e9curiser : nous proposons, en partenariat avec le R\u00e9seau National des Ressourceries et Recycleries des formations d&rsquo;initiation au diagnostic et \u00e0 la r\u00e9paration de v\u00e9los de r\u00e9emploi. <\/p>\n\n\n\n<p><strong>Prochaine session : Formation du 14 au 16 Octobre \u00e0 Marseille &#8211;<a href=\"https:\/\/rnrr.catalogueformpro.com\/8\/specialites-techniques\/1549906\/mecanique-cycle-et-reemploi\"> Plus d&rsquo;infos<\/a><\/strong><\/p>\n\n\n\n<p>Nous proposons des formations et accompagnements personnalis\u00e9s, en fonction de vos besoins, pour vous accompagner : <\/p>\n\n\n\n<ul class=\"wp-block-list\"><\/ul>\n\n\n\n<details class=\"wp-block-details is-layout-flow wp-block-details-is-layout-flow\"><summary>Exemple de th\u00e9matiques et axes<\/summary>\n<ul class=\"wp-block-list\">\n<li>Diagnostic des v\u00e9los&nbsp;: apprendre \u00e0 \u00e9valuer l\u2019\u00e9tat d\u2019un v\u00e9lo, diagnostiquer les pannes, estimer la r\u00e9parabilit\u00e9, et trier les v\u00e9los en cons\u00e9quence<\/li>\n\n\n\n<li>M\u00e9canique v\u00e9lo&nbsp;: initiation aux fonctions m\u00e9caniques, \u00e0 l\u2019entretien, aux r\u00e9glages et r\u00e9parations de bases, en se concentrant sur certains modules.<\/li>\n\n\n\n<li>P\u00e9dagogie d\u2019un atelier d\u2019auto-r\u00e9paration de v\u00e9lo&nbsp;: comment transmettre, expliquer, accompagner dans la r\u00e9paration&nbsp;?<\/li>\n\n\n\n<li>Espaces de discussions et d\u2019\u00e9change sur le fonctionnement, l\u2019organisation, les valeurs ou l\u2019\u00e9thique de l\u2019atelier.<\/li>\n\n\n\n<li>Pr\u00e9sentation des cadres r\u00e9glementaires li\u00e9s au r\u00e9emploi, \u00e0 l\u2019identification des cycles, \u00e0 la tra\u00e7abilit\u00e9, aux fili\u00e8res REP, etc.<\/li>\n\n\n\n<li>Atelier D\u00e9montage\u00a0: se familiariser avec les pi\u00e8ces, assemblages, m\u00e9caniques du v\u00e9lo et avec les outils\u00a0; constitution d\u2019un stock de pi\u00e8ces, \u00e9valuation des pi\u00e8ces, etc.<\/li>\n<\/ul>\n<\/details>\n\n\n\n<p><\/p>\n\n\n\n<hr class=\"wp-block-separator has-alpha-channel-opacity\"\/>\n\n\n\n<div class=\"wp-block-buttons is-layout-flex wp-block-buttons-is-layout-flex\">\n<div class=\"wp-block-button\" id=\"sensibilisation\"><a class=\"wp-block-button__link has-background wp-element-button\" style=\"background-color:#338ae3\"><strong>Sensibiliser au r\u00e9emploi<\/strong><\/a><\/div>\n<\/div>\n\n\n\n<p><\/p>\n\n\n\n<p>Vous aimeriez parler et faire parler des enjeux environnementaux de la production, de la consommation et de leurs d\u00e9chets ?<\/p>\n\n\n\n<p>C\u2019est aussi au c\u0153ur de nos pr\u00e9occupations. Les structures de la Chaine Sud Alpes pro- posent des animations ludiques et p\u00e9dagogiques pour sensibiliser et r\u00e9fl\u00e9chir, \u00e0 la pratique du v\u00e9lo bien s\u00fbr, mais aussi \u00e0 la consommation d\u2019\u00e9nergie, \u00e0 la production de d\u00e9chets et au r\u00e9emploi.<\/p>\n\n\n\n<p><\/p>\n\n\n\n<hr class=\"wp-block-separator has-alpha-channel-opacity\"\/>\n\n\n\n<div class=\"wp-block-buttons is-layout-flex wp-block-buttons-is-layout-flex\">\n<div class=\"wp-block-button\" id=\"creation\"><a class=\"wp-block-button__link has-background wp-element-button\" style=\"background-color:#081f29\"><strong>Cr\u00e9er un atelier v\u00e9lo<\/strong><\/a><\/div>\n<\/div>\n\n\n\n<p><\/p>\n\n\n\n<p>Collectif ou ressourcerie, vous aimeriez vous organiser pour redonner vie \u00e0 des bicyclettes en errance sur votre territoire&nbsp;?<\/p>\n\n\n\n<p>Nous pouvons vous accompagner dans votre projet, son \u00e9laboration, vous mettre \u00e0 disposition des ressources, vous proposer des formations sur les diff\u00e9rentes th\u00e9matiques (diagnostic, m\u00e9canique v\u00e9lo, organisation de la fili\u00e8re de r\u00e9emploi, construction d&rsquo;un collectif, etc.)  et vous inviter \u00e0 partager des exp\u00e9riences et des ressources avec d\u2019autres structures. <\/p>\n\n\n\n<p>Contactez-nous ! <\/p>\n\n\n\n<p><\/p>\n\n\n\n<p><\/p>\n","protected":false},"excerpt":{"rendered":"<p>Donner Bicyclettes trop petites, ou oubli\u00e9es sous la poussi\u00e8re ? Apportez-les aux ateliers v\u00e9los et aux Ressourceries du r\u00e9seau ! Ils seront diagnostiqu\u00e9s, r\u00e9par\u00e9s et&hellip;<\/p>\n","protected":false},"author":1,"featured_media":0,"parent":0,"menu_order":0,"comment_status":"closed","ping_status":"closed","template":"","meta":{"footnotes":""},"class_list":["post-115","page","type-page","status-publish","hentry"],"_links":{"self":[{"href":"https:\/\/lachainesudalpes.org\/index.php?rest_route=\/wp\/v2\/pages\/115","targetHints":{"allow":["GET"]}}],"collection":[{"href":"https:\/\/lachainesudalpes.org\/index.php?rest_route=\/wp\/v2\/pages"}],"about":[{"href":"https:\/\/lachainesudalpes.org\/index.php?rest_route=\/wp\/v2\/types\/page"}],"author":[{"embeddable":true,"href":"https:\/\/lachainesudalpes.org\/index.php?rest_route=\/wp\/v2\/users\/1"}],"replies":[{"embeddable":true,"href":"https:\/\/lachainesudalpes.org\/index.php?rest_route=%2Fwp%2Fv2%2Fcomments&post=115"}],"version-history":[{"count":16,"href":"https:\/\/lachainesudalpes.org\/index.php?rest_route=\/wp\/v2\/pages\/115\/revisions"}],"predecessor-version":[{"id":241,"href":"https:\/\/lachainesudalpes.org\/index.php?rest_route=\/wp\/v2\/pages\/115\/revisions\/241"}],"wp:attachment":[{"href":"https:\/\/lachainesudalpes.org\/index.php?rest_route=%2Fwp%2Fv2%2Fmedia&parent=115"}],"curies":[{"name":"wp","href":"https:\/\/api.w.org\/{rel}","templated":true}]}}