{"id":33,"date":"2023-09-25T14:55:14","date_gmt":"2023-09-25T12:55:14","guid":{"rendered":"https:\/\/lachainesudalpes.org\/?page_id=33"},"modified":"2025-08-19T16:36:27","modified_gmt":"2025-08-19T14:36:27","slug":"membres","status":"publish","type":"page","link":"https:\/\/lachainesudalpes.org\/?page_id=33","title":{"rendered":"Membres"},"content":{"rendered":"\n<p><em>Cette page est en cours de construction- Nos excuses pour la g\u00eane occasionn\u00e9e<\/em><\/p>\n\n\n\n<p class=\"has-text-align-center\"><strong>Ateliers v\u00e9lo participatifs<\/strong><\/p>\n\n\n\n<div class=\"wp-block-columns is-layout-flex wp-container-core-columns-is-layout-9d6595d7 wp-block-columns-is-layout-flex\">\n<div class=\"wp-block-column is-layout-flow wp-block-column-is-layout-flow\">\n<p class=\"has-text-align-center\"><strong>Ecrew-Vis<\/strong> \u00e0 Marseille<br><img loading=\"lazy\" decoding=\"async\" width=\"169\" height=\"119\" class=\"wp-image-137\" style=\"width: 169px;\" src=\"http:\/\/lachainesudalpes.org\/wp-content\/uploads\/2024\/06\/Logo-ecrew-vis-PhotoRoom.webp\" alt=\"\"><\/p>\n<\/div>\n\n\n\n<div class=\"wp-block-column is-layout-flow wp-block-column-is-layout-flow\">\n<p class=\"has-text-align-center\"><strong>Mobil&rsquo;id\u00e9es<\/strong> \u00e0 Gap<br><img loading=\"lazy\" decoding=\"async\" width=\"130\" height=\"131\" class=\"wp-image-141\" style=\"width: 130px;\" src=\"http:\/\/lachainesudalpes.org\/wp-content\/uploads\/2024\/06\/Logo_Rond.png\" alt=\"\" srcset=\"https:\/\/lachainesudalpes.org\/wp-content\/uploads\/2024\/06\/Logo_Rond.png 2316w, https:\/\/lachainesudalpes.org\/wp-content\/uploads\/2024\/06\/Logo_Rond-298x300.png 298w, https:\/\/lachainesudalpes.org\/wp-content\/uploads\/2024\/06\/Logo_Rond-1018x1024.png 1018w, https:\/\/lachainesudalpes.org\/wp-content\/uploads\/2024\/06\/Logo_Rond-150x150.png 150w, https:\/\/lachainesudalpes.org\/wp-content\/uploads\/2024\/06\/Logo_Rond-768x772.png 768w, https:\/\/lachainesudalpes.org\/wp-content\/uploads\/2024\/06\/Logo_Rond-1527x1536.png 1527w, https:\/\/lachainesudalpes.org\/wp-content\/uploads\/2024\/06\/Logo_Rond-2037x2048.png 2037w\" sizes=\"auto, (max-width: 130px) 100vw, 130px\" \/><\/p>\n<\/div>\n\n\n\n<div class=\"wp-block-column is-layout-flow wp-block-column-is-layout-flow\">\n<p class=\"has-text-align-center\"><strong>Atelier Cyclonique<\/strong> \u00e0 Brian\u00e7on<br><br><img loading=\"lazy\" decoding=\"async\" width=\"100\" height=\"100\" class=\"wp-image-138\" style=\"width: 100px;\" src=\"http:\/\/lachainesudalpes.org\/wp-content\/uploads\/2024\/06\/atelier-cyclonique-4e8b0176b349466e86dabfee917220b0.jpg\" alt=\"\" srcset=\"https:\/\/lachainesudalpes.org\/wp-content\/uploads\/2024\/06\/atelier-cyclonique-4e8b0176b349466e86dabfee917220b0.jpg 200w, https:\/\/lachainesudalpes.org\/wp-content\/uploads\/2024\/06\/atelier-cyclonique-4e8b0176b349466e86dabfee917220b0-150x150.jpg 150w\" sizes=\"auto, (max-width: 100px) 100vw, 100px\" \/><\/p>\n<\/div>\n<\/div>\n\n\n\n<div class=\"wp-block-columns is-layout-flex wp-container-core-columns-is-layout-9d6595d7 wp-block-columns-is-layout-flex\">\n<div class=\"wp-block-column is-layout-flow wp-block-column-is-layout-flow\"><\/div>\n\n\n\n<div class=\"wp-block-column is-layout-flow wp-block-column-is-layout-flow\">\n<p class=\"has-text-align-center\"><strong>Les Cylopathes<\/strong> \u00e0 Guillestre<br><br><img loading=\"lazy\" decoding=\"async\" width=\"175\" height=\"132\" class=\"wp-image-139\" style=\"width: 175px;\" src=\"http:\/\/lachainesudalpes.org\/wp-content\/uploads\/2024\/06\/385895370_10226796596612230_2815080832720128334_n.jpg\" alt=\"\"><\/p>\n<\/div>\n\n\n\n<div class=\"wp-block-column is-layout-flow wp-block-column-is-layout-flow\">\n<p><strong>Atelier v\u00e9lo<\/strong> \u00e0 Forcalquier<\/p>\n<\/div>\n<\/div>\n\n\n\n<p class=\"has-text-align-center\"><strong>Ressourceries et recycleries<\/strong><\/p>\n\n\n\n<div class=\"wp-block-columns is-layout-flex wp-container-core-columns-is-layout-9d6595d7 wp-block-columns-is-layout-flex\">\n<div class=\"wp-block-column is-layout-flow wp-block-column-is-layout-flow\">\n<p class=\"has-text-align-center\"><strong>La Petite Ourse<\/strong> \u00e0 Gap<br><br><img loading=\"lazy\" decoding=\"async\" width=\"165\" height=\"73\" class=\"wp-image-143\" style=\"width: 165px;\" src=\"http:\/\/lachainesudalpes.org\/wp-content\/uploads\/2024\/06\/logo-la-petite-ourse-05.png\" alt=\"\"><\/p>\n<\/div>\n\n\n\n<div class=\"wp-block-column is-layout-flow wp-block-column-is-layout-flow\">\n<p class=\"has-text-align-center\"><strong>La ressourcerie de Pralong<\/strong> \u00e0 Embrun<br><br><img loading=\"lazy\" decoding=\"async\" width=\"150\" height=\"121\" class=\"wp-image-145\" style=\"width: 150px;\" src=\"http:\/\/lachainesudalpes.org\/wp-content\/uploads\/2024\/06\/82326375_109575807240076_792180612935974912_n.jpg\" alt=\"\" srcset=\"https:\/\/lachainesudalpes.org\/wp-content\/uploads\/2024\/06\/82326375_109575807240076_792180612935974912_n.jpg 1666w, https:\/\/lachainesudalpes.org\/wp-content\/uploads\/2024\/06\/82326375_109575807240076_792180612935974912_n-300x241.jpg 300w, https:\/\/lachainesudalpes.org\/wp-content\/uploads\/2024\/06\/82326375_109575807240076_792180612935974912_n-1024x823.jpg 1024w, https:\/\/lachainesudalpes.org\/wp-content\/uploads\/2024\/06\/82326375_109575807240076_792180612935974912_n-768x617.jpg 768w, https:\/\/lachainesudalpes.org\/wp-content\/uploads\/2024\/06\/82326375_109575807240076_792180612935974912_n-1536x1235.jpg 1536w\" sizes=\"auto, (max-width: 150px) 100vw, 150px\" \/><\/p>\n<\/div>\n\n\n\n<div class=\"wp-block-column is-layout-flow wp-block-column-is-layout-flow\">\n<p class=\"has-text-align-center\"><strong>L&rsquo;Envol\u00e9e<\/strong> \u00e0 Barcelonette et Sisteron<br><br><img loading=\"lazy\" decoding=\"async\" width=\"200\" height=\"80\" class=\"wp-image-144\" style=\"width: 200px;\" src=\"http:\/\/lachainesudalpes.org\/wp-content\/uploads\/2024\/06\/cropped-Encadre.png\" alt=\"\" srcset=\"https:\/\/lachainesudalpes.org\/wp-content\/uploads\/2024\/06\/cropped-Encadre.png 500w, https:\/\/lachainesudalpes.org\/wp-content\/uploads\/2024\/06\/cropped-Encadre-300x120.png 300w\" sizes=\"auto, (max-width: 200px) 100vw, 200px\" \/><\/p>\n<\/div>\n<\/div>\n","protected":false},"excerpt":{"rendered":"<p>Cette page est en cours de construction- Nos excuses pour la g\u00eane occasionn\u00e9e Ateliers v\u00e9lo participatifs Ecrew-Vis \u00e0 Marseille Mobil&rsquo;id\u00e9es \u00e0 Gap Atelier Cyclonique \u00e0&hellip;<\/p>\n","protected":false},"author":1,"featured_media":0,"parent":0,"menu_order":0,"comment_status":"closed","ping_status":"closed","template":"","meta":{"footnotes":""},"class_list":["post-33","page","type-page","status-publish","hentry"],"_links":{"self":[{"href":"https:\/\/lachainesudalpes.org\/index.php?rest_route=\/wp\/v2\/pages\/33","targetHints":{"allow":["GET"]}}],"collection":[{"href":"https:\/\/lachainesudalpes.org\/index.php?rest_route=\/wp\/v2\/pages"}],"about":[{"href":"https:\/\/lachainesudalpes.org\/index.php?rest_route=\/wp\/v2\/types\/page"}],"author":[{"embeddable":true,"href":"https:\/\/lachainesudalpes.org\/index.php?rest_route=\/wp\/v2\/users\/1"}],"replies":[{"embeddable":true,"href":"https:\/\/lachainesudalpes.org\/index.php?rest_route=%2Fwp%2Fv2%2Fcomments&post=33"}],"version-history":[{"count":8,"href":"https:\/\/lachainesudalpes.org\/index.php?rest_route=\/wp\/v2\/pages\/33\/revisions"}],"predecessor-version":[{"id":244,"href":"https:\/\/lachainesudalpes.org\/index.php?rest_route=\/wp\/v2\/pages\/33\/revisions\/244"}],"wp:attachment":[{"href":"https:\/\/lachainesudalpes.org\/index.php?rest_route=%2Fwp%2Fv2%2Fmedia&parent=33"}],"curies":[{"name":"wp","href":"https:\/\/api.w.org\/{rel}","templated":true}]}}