{"id":44,"date":"2023-09-25T15:46:16","date_gmt":"2023-09-25T13:46:16","guid":{"rendered":"https:\/\/lachainesudalpes.org\/?page_id=44"},"modified":"2026-03-19T11:28:33","modified_gmt":"2026-03-19T10:28:33","slug":"accueil","status":"publish","type":"page","link":"https:\/\/lachainesudalpes.org\/","title":{"rendered":"Accueil"},"content":{"rendered":"\n<div class=\"wp-block-columns is-layout-flex wp-container-core-columns-is-layout-9d6595d7 wp-block-columns-is-layout-flex\">\n<div class=\"wp-block-column is-layout-flow wp-block-column-is-layout-flow\" style=\"flex-basis:60%\">\n<div class=\"wp-block-group\"><div class=\"wp-block-group__inner-container is-layout-constrained wp-block-group-is-layout-constrained\">\n<p>La <strong>Cha\u00eene Sud-Alpes<\/strong> est un r\u00e9seau initi\u00e9 dans les Alpes-de-Haute-Provence et les Haute-Alpes, f\u00e9d\u00e9rant les structures du r\u00e9emploi des v\u00e9los \u00e0 but non-lucratif des Alpes du Sud.<\/p>\n\n\n\n<p>Elle agit pour la transformation des comportements et de la soci\u00e9t\u00e9, pour le d\u00e9veloppement d\u2019une \u00e9conomie circulaire et d\u2019une mobilit\u00e9 alternative \u00e0 la voiture individuelle.<\/p>\n\n\n\n<p>Elle regroupe des ateliers v\u00e9los participatifs et solidaires, des ressourceries et des recycleries<em>.<\/em><\/p>\n<\/div><\/div>\n\n\n\n<p><\/p>\n<\/div>\n\n\n\n<div class=\"wp-block-column is-layout-flow wp-block-column-is-layout-flow\" style=\"flex-basis:40%\">\n<div class=\"wp-block-buttons has-custom-font-size has-medium-font-size is-horizontal is-content-justification-space-between is-layout-flex wp-container-core-buttons-is-layout-9262d1ff wp-block-buttons-is-layout-flex\">\n<div class=\"wp-block-button has-custom-width wp-block-button__width-100 is-style-outline is-style-outline--1\"><a class=\"wp-block-button__link has-text-color has-link-color has-custom-font-size wp-element-button\" href=\"https:\/\/lachainesudalpes.org\/?page_id=115#reparer\" style=\"color:#008c36;font-size:16px\">R\u00e9parer, Acheter, Donner un v\u00e9lo<\/a><\/div>\n\n\n\n<div class=\"wp-block-button has-custom-width wp-block-button__width-100 is-style-outline is-style-outline--2\"><a class=\"wp-block-button__link has-text-color has-link-color has-custom-font-size wp-element-button\" href=\"https:\/\/lachainesudalpes.org\/?page_id=115#formation\" style=\"color:#e5690a;font-size:16px\">Former, Se former \u00e0 la m\u00e9canique et au r\u00e9emploi<\/a><\/div>\n\n\n\n<div class=\"wp-block-button has-custom-width wp-block-button__width-100 is-style-outline is-style-outline--3\"><a class=\"wp-block-button__link has-text-color has-link-color has-custom-font-size wp-element-button\" href=\"https:\/\/lachainesudalpes.org\/?page_id=115#sensibilisation\" style=\"color:#338ae3;font-size:16px\">Sensibiliser au r\u00e9emploi<\/a><\/div>\n\n\n\n<div class=\"wp-block-button has-custom-width wp-block-button__width-100 is-style-outline is-style-outline--4\"><a class=\"wp-block-button__link has-text-color has-link-color has-custom-font-size wp-element-button\" href=\"https:\/\/lachainesudalpes.org\/?page_id=115#creation\" style=\"border-radius:64px;color:#081f29;font-size:16px\">Cr\u00e9er un atelier v\u00e9lo<\/a><\/div>\n<\/div>\n<\/div>\n<\/div>\n\n\n\n<div class=\"wp-block-buttons is-content-justification-center is-layout-flex wp-container-core-buttons-is-layout-16018d1d wp-block-buttons-is-layout-flex\"><\/div>\n\n\n\n<div class=\"wp-block-group\"><div class=\"wp-block-group__inner-container is-layout-constrained wp-block-group-is-layout-constrained\"><\/div><\/div>\n\n\n\n<figure class=\"wp-block-pullquote has-small-font-size\" style=\"border-style:none;border-width:0px\"><blockquote><p>En nous choisissant, vous soutenez des collectifs ou des structures associatives sans but lucratif. Leur objectif est de favoriser un r\u00e9emploi local, solidaire, favorisant l\u2019insertion, la coop\u00e9ration, la sobri\u00e9t\u00e9, la co-r\u00e9paration des v\u00e9los, l\u2019acc\u00e8s \u00e0 tous et toutes \u00e0 la pratique du v\u00e9lo.<\/p><\/blockquote><\/figure>\n\n\n\n<div class=\"wp-block-columns is-layout-flex wp-container-core-columns-is-layout-9d6595d7 wp-block-columns-is-layout-flex\">\n<div class=\"wp-block-column is-layout-flow wp-block-column-is-layout-flow\">\n<div class=\"wp-block-media-text has-media-on-the-right is-stacked-on-mobile\"><div class=\"wp-block-media-text__content\">\n<p>Ils nous soutiennent<\/p>\n<\/div><figure class=\"wp-block-media-text__media\"><img loading=\"lazy\" decoding=\"async\" width=\"1024\" height=\"591\" src=\"http:\/\/lachainesudalpes.org\/wp-content\/uploads\/2026\/03\/LOGO-2-QUADRI-1024x591.jpg\" alt=\"\" class=\"wp-image-255 size-full\" srcset=\"https:\/\/lachainesudalpes.org\/wp-content\/uploads\/2026\/03\/LOGO-2-QUADRI-1024x591.jpg 1024w, https:\/\/lachainesudalpes.org\/wp-content\/uploads\/2026\/03\/LOGO-2-QUADRI-300x173.jpg 300w, https:\/\/lachainesudalpes.org\/wp-content\/uploads\/2026\/03\/LOGO-2-QUADRI-768x443.jpg 768w, https:\/\/lachainesudalpes.org\/wp-content\/uploads\/2026\/03\/LOGO-2-QUADRI.jpg 1489w\" sizes=\"auto, (max-width: 1024px) 100vw, 1024px\" \/><\/figure><\/div>\n<\/div>\n\n\n\n<div class=\"wp-block-column is-layout-flow wp-block-column-is-layout-flow\">\n<figure class=\"wp-block-image size-large is-resized\"><img loading=\"lazy\" decoding=\"async\" width=\"898\" height=\"1024\" src=\"https:\/\/lachainesudalpes.org\/wp-content\/uploads\/2026\/03\/logoademe2020_rvb-2877434898-898x1024.jpg\" alt=\"\" class=\"wp-image-254\" style=\"aspect-ratio:0.8769488011325828;width:100px;height:auto\" srcset=\"https:\/\/lachainesudalpes.org\/wp-content\/uploads\/2026\/03\/logoademe2020_rvb-2877434898-898x1024.jpg 898w, https:\/\/lachainesudalpes.org\/wp-content\/uploads\/2026\/03\/logoademe2020_rvb-2877434898-263x300.jpg 263w, https:\/\/lachainesudalpes.org\/wp-content\/uploads\/2026\/03\/logoademe2020_rvb-2877434898-768x876.jpg 768w, https:\/\/lachainesudalpes.org\/wp-content\/uploads\/2026\/03\/logoademe2020_rvb-2877434898.jpg 952w\" sizes=\"auto, (max-width: 898px) 100vw, 898px\" \/><\/figure>\n<\/div>\n<\/div>\n\n\n\n<iframe loading=\"lazy\" class=\"auto-resize\" width=\"100%\" height=\"850px\" scroll=\"no\" frameborder=\"0\" src=\"https:\/\/lachainesudalpes.org\/wiki\/?AffichageMembres\/iframe\"><\/iframe\n\n\n\n<div class=\"wp-block-buttons is-layout-flex wp-block-buttons-is-layout-flex\"><\/div>\n\n\n\n<div class=\"wp-block-columns is-layout-flex wp-container-core-columns-is-layout-9d6595d7 wp-block-columns-is-layout-flex\">\n<div class=\"wp-block-column is-layout-flow wp-block-column-is-layout-flow\" style=\"flex-basis:33.33%\"><\/div>\n<\/div>\n","protected":false},"excerpt":{"rendered":"<p>La Cha\u00eene Sud-Alpes est un r\u00e9seau initi\u00e9 dans les Alpes-de-Haute-Provence et les Haute-Alpes, f\u00e9d\u00e9rant les structures du r\u00e9emploi des v\u00e9los \u00e0 but non-lucratif des Alpes&hellip;<\/p>\n","protected":false},"author":1,"featured_media":14,"parent":0,"menu_order":0,"comment_status":"closed","ping_status":"closed","template":"","meta":{"footnotes":""},"class_list":["post-44","page","type-page","status-publish","has-post-thumbnail","hentry"],"_links":{"self":[{"href":"https:\/\/lachainesudalpes.org\/index.php?rest_route=\/wp\/v2\/pages\/44","targetHints":{"allow":["GET"]}}],"collection":[{"href":"https:\/\/lachainesudalpes.org\/index.php?rest_route=\/wp\/v2\/pages"}],"about":[{"href":"https:\/\/lachainesudalpes.org\/index.php?rest_route=\/wp\/v2\/types\/page"}],"author":[{"embeddable":true,"href":"https:\/\/lachainesudalpes.org\/index.php?rest_route=\/wp\/v2\/users\/1"}],"replies":[{"embeddable":true,"href":"https:\/\/lachainesudalpes.org\/index.php?rest_route=%2Fwp%2Fv2%2Fcomments&post=44"}],"version-history":[{"count":37,"href":"https:\/\/lachainesudalpes.org\/index.php?rest_route=\/wp\/v2\/pages\/44\/revisions"}],"predecessor-version":[{"id":256,"href":"https:\/\/lachainesudalpes.org\/index.php?rest_route=\/wp\/v2\/pages\/44\/revisions\/256"}],"wp:featuredmedia":[{"embeddable":true,"href":"https:\/\/lachainesudalpes.org\/index.php?rest_route=\/wp\/v2\/media\/14"}],"wp:attachment":[{"href":"https:\/\/lachainesudalpes.org\/index.php?rest_route=%2Fwp%2Fv2%2Fmedia&parent=44"}],"curies":[{"name":"wp","href":"https:\/\/api.w.org\/{rel}","templated":true}]}}