{"id":99,"date":"2024-06-19T15:15:04","date_gmt":"2024-06-19T13:15:04","guid":{"rendered":"https:\/\/lachainesudalpes.org\/?page_id=99"},"modified":"2024-06-19T16:33:56","modified_gmt":"2024-06-19T14:33:56","slug":"la-charte","status":"publish","type":"page","link":"https:\/\/lachainesudalpes.org\/?page_id=99","title":{"rendered":"La Charte"},"content":{"rendered":"\n<p>La <strong>C<\/strong><strong>ha\u00eene Sud-Alpes<\/strong> est un r\u00e9seau initi\u00e9 dans les Alpes-de-Haute-Provence et les Haute-Alpes, f\u00e9d\u00e9rant les structures du r\u00e9emploi des v\u00e9los \u00e0 but non-lucratif des Alpes du Sud.<\/p>\n\n\n\n<p>Elle agit pour la transformation des comportements et de la soci\u00e9t\u00e9, pour le d\u00e9veloppement d\u2019une \u00e9conomie circulaire et d\u2019une mobilit\u00e9 alternative \u00e0 la voiture individuelle.<\/p>\n\n\n\n<p>Elle regroupe des ateliers v\u00e9los participatifs et solidaires, des ressourceries et des recycleries<em>. <\/em>Elle invite les partenaires institutionnels \u00e0 participer \u00e0 ses travaux.<\/p>\n\n\n\n<p>Ce r\u00e9seau est anim\u00e9 par des<strong> valeurs communes&nbsp;:<\/strong><\/p>\n\n\n\n<ul class=\"wp-block-list\">\n<li>La solidarit\u00e9 et la coop\u00e9ration<\/li>\n\n\n\n<li>La sobri\u00e9t\u00e9 environnementale et \u00e9nerg\u00e9tique<\/li>\n\n\n\n<li>La mobilit\u00e9 pour tou.te.s<\/li>\n\n\n\n<li>Le pouvoir d&rsquo;agir citoyen et collectif<\/li>\n\n\n\n<li>La convivialit\u00e9 et le lien social<\/li>\n\n\n\n<li>L\u2019inclusivit\u00e9 et l\u2019\u00e9galit\u00e9<\/li>\n<\/ul>\n\n\n\n<p>Le r\u00e9seau se donne pour objectif de&nbsp;:<\/p>\n\n\n\n<ul class=\"wp-block-list\">\n<li>D\u00e9velopper la coop\u00e9ration entre les structures membres du r\u00e9seau<\/li>\n\n\n\n<li>Favoriser l\u2019\u00e9mergence de nouvelles structures impliqu\u00e9es dans le r\u00e9emploi des v\u00e9los<\/li>\n\n\n\n<li>Soutenir les dynamiques existantes<\/li>\n\n\n\n<li>Rendre visible l\u2019activit\u00e9 de r\u00e9emploi des v\u00e9los sur le territoire<\/li>\n\n\n\n<li>D\u00e9ployer diff\u00e9rents moyens de promotion de l\u2019\u00e9conomie circulaire et d\u2019une mobilit\u00e9 alternative \u00e0 la voiture individuelle.<\/li>\n<\/ul>\n\n\n\n<p>Pour atteindre ces objectifs la Cha\u00eene Sud\u2019Alpes se donne diff\u00e9rents <strong>moyens&nbsp;<\/strong>:<\/p>\n\n\n\n<ul class=\"wp-block-list\">\n<li>Une gouvernance collective pour permettre un fonctionnement transparent et repr\u00e9sentatif de la diversit\u00e9 des structures<\/li>\n\n\n\n<li>Se rendre disponible aupr\u00e8s des structures adh\u00e9rentes<\/li>\n\n\n\n<li>S\u2019organiser collectivement pour r\u00e9pondre aux sollicitations ext\u00e9rieures<\/li>\n\n\n\n<li>\u00catre transparent quant \u00e0 nos activit\u00e9s, nos prises de d\u00e9cision, nos actions<\/li>\n\n\n\n<li>Faire r\u00e9seau et peser dans les d\u00e9cisions politiques concernant notre secteur d\u2019activit\u00e9<\/li>\n<\/ul>\n\n\n\n<p>Le r\u00e9seau souhaite s\u2019appuyer sur un maillage et un ancrage territorial, sur les comp\u00e9tences diverses et compl\u00e9mentaires de ses membres pour d\u00e9velopper sa cr\u00e9dibilit\u00e9 et sa l\u00e9gitimit\u00e9.<\/p>\n\n\n\n<p>Les membres signataires de cette charte s&rsquo;engagent \u00e0 respecter ses valeurs et \u00e0 s\u2019investir dans le d\u00e9ploiement des moyens identifi\u00e9s pour atteindre ses objectifs.<\/p>\n","protected":false},"excerpt":{"rendered":"<p>La Cha\u00eene Sud-Alpes est un r\u00e9seau initi\u00e9 dans les Alpes-de-Haute-Provence et les Haute-Alpes, f\u00e9d\u00e9rant les structures du r\u00e9emploi des v\u00e9los \u00e0 but non-lucratif des Alpes&hellip;<\/p>\n","protected":false},"author":1,"featured_media":0,"parent":0,"menu_order":0,"comment_status":"closed","ping_status":"closed","template":"","meta":{"footnotes":""},"class_list":["post-99","page","type-page","status-publish","hentry"],"_links":{"self":[{"href":"https:\/\/lachainesudalpes.org\/index.php?rest_route=\/wp\/v2\/pages\/99","targetHints":{"allow":["GET"]}}],"collection":[{"href":"https:\/\/lachainesudalpes.org\/index.php?rest_route=\/wp\/v2\/pages"}],"about":[{"href":"https:\/\/lachainesudalpes.org\/index.php?rest_route=\/wp\/v2\/types\/page"}],"author":[{"embeddable":true,"href":"https:\/\/lachainesudalpes.org\/index.php?rest_route=\/wp\/v2\/users\/1"}],"replies":[{"embeddable":true,"href":"https:\/\/lachainesudalpes.org\/index.php?rest_route=%2Fwp%2Fv2%2Fcomments&post=99"}],"version-history":[{"count":3,"href":"https:\/\/lachainesudalpes.org\/index.php?rest_route=\/wp\/v2\/pages\/99\/revisions"}],"predecessor-version":[{"id":114,"href":"https:\/\/lachainesudalpes.org\/index.php?rest_route=\/wp\/v2\/pages\/99\/revisions\/114"}],"wp:attachment":[{"href":"https:\/\/lachainesudalpes.org\/index.php?rest_route=%2Fwp%2Fv2%2Fmedia&parent=99"}],"curies":[{"name":"wp","href":"https:\/\/api.w.org\/{rel}","templated":true}]}}